{"id":225,"date":"2020-09-25T12:52:35","date_gmt":"2020-09-25T12:52:35","guid":{"rendered":"http:\/\/biopro.sn\/?page_id=225"},"modified":"2023-01-18T16:49:55","modified_gmt":"2023-01-18T16:49:55","slug":"chirurgie-generale","status":"publish","type":"page","link":"https:\/\/biopro.sn\/index.php\/produits\/chirurgie-generale\/","title":{"rendered":"Chirurgie G\u00e9n\u00e9rale"},"content":{"rendered":"\n<figure class=\"is-layout-flex wp-block-gallery-1 wp-block-gallery columns-3 is-cropped\"><ul class=\"blocks-gallery-grid\"><li class=\"blocks-gallery-item\"><figure><img decoding=\"async\" loading=\"lazy\" width=\"458\" height=\"458\" src=\"http:\/\/biopro.sn\/wp-content\/uploads\/2020\/09\/aspirateur-chirurgicaux.jpg\" alt=\"\" data-id=\"394\" data-full-url=\"http:\/\/biopro.sn\/wp-content\/uploads\/2020\/09\/aspirateur-chirurgicaux.jpg\" data-link=\"http:\/\/biopro.sn\/index.php\/chirurgie-generale\/aspirateur-chirurgicaux\/\" class=\"wp-image-394\" srcset=\"https:\/\/biopro.sn\/wp-content\/uploads\/2020\/09\/aspirateur-chirurgicaux.jpg 458w, https:\/\/biopro.sn\/wp-content\/uploads\/2020\/09\/aspirateur-chirurgicaux-300x300.jpg 300w, https:\/\/biopro.sn\/wp-content\/uploads\/2020\/09\/aspirateur-chirurgicaux-150x150.jpg 150w, https:\/\/biopro.sn\/wp-content\/uploads\/2020\/09\/aspirateur-chirurgicaux-230x230.jpg 230w, https:\/\/biopro.sn\/wp-content\/uploads\/2020\/09\/aspirateur-chirurgicaux-350x350.jpg 350w\" sizes=\"(max-width: 458px) 100vw, 458px\" \/><figcaption class=\"blocks-gallery-item__caption\">Aspirateur Chirurgicaux<\/figcaption><\/figure><\/li><li class=\"blocks-gallery-item\"><figure><img decoding=\"async\" loading=\"lazy\" width=\"458\" height=\"458\" src=\"http:\/\/biopro.sn\/wp-content\/uploads\/2020\/09\/generateur-de-bistourie-electrique.jpg\" alt=\"\" data-id=\"395\" data-full-url=\"http:\/\/biopro.sn\/wp-content\/uploads\/2020\/09\/generateur-de-bistourie-electrique.jpg\" data-link=\"http:\/\/biopro.sn\/index.php\/chirurgie-generale\/generateur-de-bistourie-electrique\/\" class=\"wp-image-395\" srcset=\"https:\/\/biopro.sn\/wp-content\/uploads\/2020\/09\/generateur-de-bistourie-electrique.jpg 458w, https:\/\/biopro.sn\/wp-content\/uploads\/2020\/09\/generateur-de-bistourie-electrique-300x300.jpg 300w, https:\/\/biopro.sn\/wp-content\/uploads\/2020\/09\/generateur-de-bistourie-electrique-150x150.jpg 150w, https:\/\/biopro.sn\/wp-content\/uploads\/2020\/09\/generateur-de-bistourie-electrique-230x230.jpg 230w, https:\/\/biopro.sn\/wp-content\/uploads\/2020\/09\/generateur-de-bistourie-electrique-350x350.jpg 350w\" sizes=\"(max-width: 458px) 100vw, 458px\" \/><figcaption class=\"blocks-gallery-item__caption\">G\u00e9n\u00e9rateur de bistouri \u00e9lectrique<\/figcaption><\/figure><\/li><li class=\"blocks-gallery-item\"><figure><img decoding=\"async\" loading=\"lazy\" width=\"340\" height=\"400\" src=\"http:\/\/biopro.sn\/wp-content\/uploads\/2020\/09\/ventilateur-danesthesie-1.jpg\" alt=\"\" data-id=\"399\" data-full-url=\"http:\/\/biopro.sn\/wp-content\/uploads\/2020\/09\/ventilateur-danesthesie-1.jpg\" data-link=\"http:\/\/biopro.sn\/index.php\/chirurgie-generale\/ventilateur-danesthesie-2\/\" class=\"wp-image-399\" srcset=\"https:\/\/biopro.sn\/wp-content\/uploads\/2020\/09\/ventilateur-danesthesie-1.jpg 340w, https:\/\/biopro.sn\/wp-content\/uploads\/2020\/09\/ventilateur-danesthesie-1-255x300.jpg 255w, https:\/\/biopro.sn\/wp-content\/uploads\/2020\/09\/ventilateur-danesthesie-1-230x271.jpg 230w\" sizes=\"(max-width: 340px) 100vw, 340px\" \/><figcaption class=\"blocks-gallery-item__caption\">Ventilateur d&#8217;anesth\u00e9sie<\/figcaption><\/figure><\/li><li class=\"blocks-gallery-item\"><figure><img decoding=\"async\" loading=\"lazy\" width=\"458\" height=\"458\" src=\"http:\/\/biopro.sn\/wp-content\/uploads\/2020\/09\/scialytique-a-led-sur-pier.jpg\" alt=\"\" data-id=\"396\" data-full-url=\"http:\/\/biopro.sn\/wp-content\/uploads\/2020\/09\/scialytique-a-led-sur-pier.jpg\" data-link=\"http:\/\/biopro.sn\/index.php\/chirurgie-generale\/scialytique-a-led-sur-pier\/\" class=\"wp-image-396\" srcset=\"https:\/\/biopro.sn\/wp-content\/uploads\/2020\/09\/scialytique-a-led-sur-pier.jpg 458w, https:\/\/biopro.sn\/wp-content\/uploads\/2020\/09\/scialytique-a-led-sur-pier-300x300.jpg 300w, https:\/\/biopro.sn\/wp-content\/uploads\/2020\/09\/scialytique-a-led-sur-pier-150x150.jpg 150w, https:\/\/biopro.sn\/wp-content\/uploads\/2020\/09\/scialytique-a-led-sur-pier-230x230.jpg 230w, https:\/\/biopro.sn\/wp-content\/uploads\/2020\/09\/scialytique-a-led-sur-pier-350x350.jpg 350w\" sizes=\"(max-width: 458px) 100vw, 458px\" \/><figcaption class=\"blocks-gallery-item__caption\">Scialytique \u00e0 LED sur pied<\/figcaption><\/figure><\/li><li class=\"blocks-gallery-item\"><figure><img decoding=\"async\" loading=\"lazy\" width=\"220\" height=\"215\" src=\"http:\/\/biopro.sn\/wp-content\/uploads\/2020\/09\/table-doperation.jpg\" alt=\"\" data-id=\"398\" data-full-url=\"http:\/\/biopro.sn\/wp-content\/uploads\/2020\/09\/table-doperation.jpg\" data-link=\"http:\/\/biopro.sn\/index.php\/chirurgie-generale\/table-doperation\/\" class=\"wp-image-398\"\/><figcaption class=\"blocks-gallery-item__caption\">Table d&#8217;op\u00e9ration<\/figcaption><\/figure><\/li><li class=\"blocks-gallery-item\"><figure><img decoding=\"async\" loading=\"lazy\" width=\"945\" height=\"461\" src=\"http:\/\/biopro.sn\/wp-content\/uploads\/2020\/09\/scialytique-a-led-suspension-ou-murale.jpg\" alt=\"\" data-id=\"397\" data-full-url=\"http:\/\/biopro.sn\/wp-content\/uploads\/2020\/09\/scialytique-a-led-suspension-ou-murale.jpg\" data-link=\"http:\/\/biopro.sn\/index.php\/chirurgie-generale\/scialytique-a-led-suspension-ou-murale\/\" class=\"wp-image-397\" srcset=\"https:\/\/biopro.sn\/wp-content\/uploads\/2020\/09\/scialytique-a-led-suspension-ou-murale.jpg 945w, https:\/\/biopro.sn\/wp-content\/uploads\/2020\/09\/scialytique-a-led-suspension-ou-murale-300x146.jpg 300w, https:\/\/biopro.sn\/wp-content\/uploads\/2020\/09\/scialytique-a-led-suspension-ou-murale-768x375.jpg 768w, https:\/\/biopro.sn\/wp-content\/uploads\/2020\/09\/scialytique-a-led-suspension-ou-murale-830x405.jpg 830w, https:\/\/biopro.sn\/wp-content\/uploads\/2020\/09\/scialytique-a-led-suspension-ou-murale-230x112.jpg 230w, https:\/\/biopro.sn\/wp-content\/uploads\/2020\/09\/scialytique-a-led-suspension-ou-murale-350x171.jpg 350w, https:\/\/biopro.sn\/wp-content\/uploads\/2020\/09\/scialytique-a-led-suspension-ou-murale-480x234.jpg 480w\" sizes=\"(max-width: 945px) 100vw, 945px\" \/><figcaption class=\"blocks-gallery-item__caption\">scialytique \u00e0 LED suspension ou murale<\/figcaption><\/figure><\/li><\/ul><\/figure>\n","protected":false},"excerpt":{"rendered":"","protected":false},"author":1,"featured_media":0,"parent":222,"menu_order":0,"comment_status":"closed","ping_status":"closed","template":"page-templates\/page_fullwidth.php","meta":{"_mi_skip_tracking":false},"_links":{"self":[{"href":"https:\/\/biopro.sn\/index.php\/wp-json\/wp\/v2\/pages\/225"}],"collection":[{"href":"https:\/\/biopro.sn\/index.php\/wp-json\/wp\/v2\/pages"}],"about":[{"href":"https:\/\/biopro.sn\/index.php\/wp-json\/wp\/v2\/types\/page"}],"author":[{"embeddable":true,"href":"https:\/\/biopro.sn\/index.php\/wp-json\/wp\/v2\/users\/1"}],"replies":[{"embeddable":true,"href":"https:\/\/biopro.sn\/index.php\/wp-json\/wp\/v2\/comments?post=225"}],"version-history":[{"count":3,"href":"https:\/\/biopro.sn\/index.php\/wp-json\/wp\/v2\/pages\/225\/revisions"}],"predecessor-version":[{"id":513,"href":"https:\/\/biopro.sn\/index.php\/wp-json\/wp\/v2\/pages\/225\/revisions\/513"}],"up":[{"embeddable":true,"href":"https:\/\/biopro.sn\/index.php\/wp-json\/wp\/v2\/pages\/222"}],"wp:attachment":[{"href":"https:\/\/biopro.sn\/index.php\/wp-json\/wp\/v2\/media?parent=225"}],"curies":[{"name":"wp","href":"https:\/\/api.w.org\/{rel}","templated":true}]}}