{"id":227,"date":"2020-09-25T12:52:35","date_gmt":"2020-09-25T12:52:35","guid":{"rendered":"http:\/\/biopro.sn\/?page_id=227"},"modified":"2023-01-18T16:50:29","modified_gmt":"2023-01-18T16:50:29","slug":"laboratoire","status":"publish","type":"page","link":"https:\/\/biopro.sn\/index.php\/produits\/laboratoire\/","title":{"rendered":"Laboratoire"},"content":{"rendered":"\n<figure class=\"is-layout-flex wp-block-gallery-1 wp-block-gallery columns-3 is-cropped\"><ul class=\"blocks-gallery-grid\"><li class=\"blocks-gallery-item\"><figure><img decoding=\"async\" loading=\"lazy\" width=\"804\" height=\"771\" src=\"http:\/\/biopro.sn\/wp-content\/uploads\/2020\/10\/analyse-durine.jpg\" alt=\"\" data-id=\"437\" data-full-url=\"http:\/\/biopro.sn\/wp-content\/uploads\/2020\/10\/analyse-durine.jpg\" data-link=\"http:\/\/biopro.sn\/index.php\/laboratoire\/analyse-durine\/\" class=\"wp-image-437\" srcset=\"https:\/\/biopro.sn\/wp-content\/uploads\/2020\/10\/analyse-durine.jpg 804w, https:\/\/biopro.sn\/wp-content\/uploads\/2020\/10\/analyse-durine-300x288.jpg 300w, https:\/\/biopro.sn\/wp-content\/uploads\/2020\/10\/analyse-durine-768x736.jpg 768w, https:\/\/biopro.sn\/wp-content\/uploads\/2020\/10\/analyse-durine-230x221.jpg 230w, https:\/\/biopro.sn\/wp-content\/uploads\/2020\/10\/analyse-durine-350x336.jpg 350w, https:\/\/biopro.sn\/wp-content\/uploads\/2020\/10\/analyse-durine-480x460.jpg 480w\" sizes=\"(max-width: 804px) 100vw, 804px\" \/><figcaption class=\"blocks-gallery-item__caption\">Analyse d&#8217;urine<\/figcaption><\/figure><\/li><li class=\"blocks-gallery-item\"><figure><img decoding=\"async\" loading=\"lazy\" width=\"300\" height=\"300\" src=\"http:\/\/biopro.sn\/wp-content\/uploads\/2020\/10\/analyseur-gaz-du-sang.jpg\" alt=\"\" data-id=\"438\" data-full-url=\"http:\/\/biopro.sn\/wp-content\/uploads\/2020\/10\/analyseur-gaz-du-sang.jpg\" data-link=\"http:\/\/biopro.sn\/index.php\/laboratoire\/analyseur-gaz-du-sang\/\" class=\"wp-image-438\" srcset=\"https:\/\/biopro.sn\/wp-content\/uploads\/2020\/10\/analyseur-gaz-du-sang.jpg 300w, https:\/\/biopro.sn\/wp-content\/uploads\/2020\/10\/analyseur-gaz-du-sang-150x150.jpg 150w, https:\/\/biopro.sn\/wp-content\/uploads\/2020\/10\/analyseur-gaz-du-sang-230x230.jpg 230w\" sizes=\"(max-width: 300px) 100vw, 300px\" \/><figcaption class=\"blocks-gallery-item__caption\">Analyseur gaz du sang<\/figcaption><\/figure><\/li><li class=\"blocks-gallery-item\"><figure><img decoding=\"async\" loading=\"lazy\" width=\"500\" height=\"500\" src=\"http:\/\/biopro.sn\/wp-content\/uploads\/2020\/10\/automate-hematologie-22-parametre-M-serie.jpg\" alt=\"\" data-id=\"440\" data-full-url=\"http:\/\/biopro.sn\/wp-content\/uploads\/2020\/10\/automate-hematologie-22-parametre-M-serie.jpg\" data-link=\"http:\/\/biopro.sn\/index.php\/laboratoire\/automate-hematologie-22-parametre-m-serie\/\" class=\"wp-image-440\" srcset=\"https:\/\/biopro.sn\/wp-content\/uploads\/2020\/10\/automate-hematologie-22-parametre-M-serie.jpg 500w, https:\/\/biopro.sn\/wp-content\/uploads\/2020\/10\/automate-hematologie-22-parametre-M-serie-300x300.jpg 300w, https:\/\/biopro.sn\/wp-content\/uploads\/2020\/10\/automate-hematologie-22-parametre-M-serie-150x150.jpg 150w, https:\/\/biopro.sn\/wp-content\/uploads\/2020\/10\/automate-hematologie-22-parametre-M-serie-230x230.jpg 230w, https:\/\/biopro.sn\/wp-content\/uploads\/2020\/10\/automate-hematologie-22-parametre-M-serie-350x350.jpg 350w, https:\/\/biopro.sn\/wp-content\/uploads\/2020\/10\/automate-hematologie-22-parametre-M-serie-480x480.jpg 480w\" sizes=\"(max-width: 500px) 100vw, 500px\" \/><figcaption class=\"blocks-gallery-item__caption\">Automate h\u00e9matologie 22 param\u00e8tre M-s\u00e9rie<\/figcaption><\/figure><\/li><li class=\"blocks-gallery-item\"><figure><img decoding=\"async\" loading=\"lazy\" width=\"300\" height=\"300\" src=\"http:\/\/biopro.sn\/wp-content\/uploads\/2020\/10\/automate-hematologie-22-parametre-M-serie-avec-mixer-et-auto-analyse.jpg\" alt=\"\" data-id=\"439\" data-full-url=\"http:\/\/biopro.sn\/wp-content\/uploads\/2020\/10\/automate-hematologie-22-parametre-M-serie-avec-mixer-et-auto-analyse.jpg\" data-link=\"http:\/\/biopro.sn\/index.php\/laboratoire\/automate-hematologie-22-parametre-m-serie-avec-mixer-et-auto-analyse\/\" class=\"wp-image-439\" srcset=\"https:\/\/biopro.sn\/wp-content\/uploads\/2020\/10\/automate-hematologie-22-parametre-M-serie-avec-mixer-et-auto-analyse.jpg 300w, https:\/\/biopro.sn\/wp-content\/uploads\/2020\/10\/automate-hematologie-22-parametre-M-serie-avec-mixer-et-auto-analyse-150x150.jpg 150w, https:\/\/biopro.sn\/wp-content\/uploads\/2020\/10\/automate-hematologie-22-parametre-M-serie-avec-mixer-et-auto-analyse-230x230.jpg 230w\" sizes=\"(max-width: 300px) 100vw, 300px\" \/><figcaption class=\"blocks-gallery-item__caption\">Automate d&#8217;h\u00e9matologie 22 param\u00e8tre M-s\u00e9rie avec mixer et auto analyse<\/figcaption><\/figure><\/li><li class=\"blocks-gallery-item\"><figure><img decoding=\"async\" loading=\"lazy\" width=\"1000\" height=\"1000\" src=\"http:\/\/biopro.sn\/wp-content\/uploads\/2020\/10\/distillateur-deau-en-verre.jpg\" alt=\"\" data-id=\"441\" data-full-url=\"http:\/\/biopro.sn\/wp-content\/uploads\/2020\/10\/distillateur-deau-en-verre.jpg\" data-link=\"http:\/\/biopro.sn\/index.php\/laboratoire\/distillateur-deau-en-verre\/\" class=\"wp-image-441\" srcset=\"https:\/\/biopro.sn\/wp-content\/uploads\/2020\/10\/distillateur-deau-en-verre.jpg 1000w, https:\/\/biopro.sn\/wp-content\/uploads\/2020\/10\/distillateur-deau-en-verre-300x300.jpg 300w, https:\/\/biopro.sn\/wp-content\/uploads\/2020\/10\/distillateur-deau-en-verre-150x150.jpg 150w, https:\/\/biopro.sn\/wp-content\/uploads\/2020\/10\/distillateur-deau-en-verre-768x768.jpg 768w, https:\/\/biopro.sn\/wp-content\/uploads\/2020\/10\/distillateur-deau-en-verre-830x830.jpg 830w, https:\/\/biopro.sn\/wp-content\/uploads\/2020\/10\/distillateur-deau-en-verre-230x230.jpg 230w, https:\/\/biopro.sn\/wp-content\/uploads\/2020\/10\/distillateur-deau-en-verre-350x350.jpg 350w, https:\/\/biopro.sn\/wp-content\/uploads\/2020\/10\/distillateur-deau-en-verre-480x480.jpg 480w\" sizes=\"(max-width: 1000px) 100vw, 1000px\" \/><figcaption class=\"blocks-gallery-item__caption\">Distillateur d&#8217;eau en verre<\/figcaption><\/figure><\/li><li class=\"blocks-gallery-item\"><figure><img decoding=\"async\" loading=\"lazy\" width=\"1000\" height=\"1000\" src=\"http:\/\/biopro.sn\/wp-content\/uploads\/2020\/10\/distillateur-deau-mono-bloc.jpg\" alt=\"\" data-id=\"442\" data-full-url=\"http:\/\/biopro.sn\/wp-content\/uploads\/2020\/10\/distillateur-deau-mono-bloc.jpg\" data-link=\"http:\/\/biopro.sn\/index.php\/laboratoire\/distillateur-deau-mono-bloc\/\" class=\"wp-image-442\" srcset=\"https:\/\/biopro.sn\/wp-content\/uploads\/2020\/10\/distillateur-deau-mono-bloc.jpg 1000w, https:\/\/biopro.sn\/wp-content\/uploads\/2020\/10\/distillateur-deau-mono-bloc-300x300.jpg 300w, https:\/\/biopro.sn\/wp-content\/uploads\/2020\/10\/distillateur-deau-mono-bloc-150x150.jpg 150w, https:\/\/biopro.sn\/wp-content\/uploads\/2020\/10\/distillateur-deau-mono-bloc-768x768.jpg 768w, https:\/\/biopro.sn\/wp-content\/uploads\/2020\/10\/distillateur-deau-mono-bloc-830x830.jpg 830w, https:\/\/biopro.sn\/wp-content\/uploads\/2020\/10\/distillateur-deau-mono-bloc-230x230.jpg 230w, https:\/\/biopro.sn\/wp-content\/uploads\/2020\/10\/distillateur-deau-mono-bloc-350x350.jpg 350w, https:\/\/biopro.sn\/wp-content\/uploads\/2020\/10\/distillateur-deau-mono-bloc-480x480.jpg 480w\" sizes=\"(max-width: 1000px) 100vw, 1000px\" \/><figcaption class=\"blocks-gallery-item__caption\">Distillateur d&#8217;eau mono bloc<\/figcaption><\/figure><\/li><li class=\"blocks-gallery-item\"><figure><img decoding=\"async\" loading=\"lazy\" width=\"1000\" height=\"1000\" src=\"http:\/\/biopro.sn\/wp-content\/uploads\/2020\/10\/distillateur_w4000.jpg\" alt=\"\" data-id=\"443\" data-full-url=\"http:\/\/biopro.sn\/wp-content\/uploads\/2020\/10\/distillateur_w4000.jpg\" data-link=\"http:\/\/biopro.sn\/index.php\/laboratoire\/distillateur_w4000\/\" class=\"wp-image-443\" srcset=\"https:\/\/biopro.sn\/wp-content\/uploads\/2020\/10\/distillateur_w4000.jpg 1000w, https:\/\/biopro.sn\/wp-content\/uploads\/2020\/10\/distillateur_w4000-300x300.jpg 300w, https:\/\/biopro.sn\/wp-content\/uploads\/2020\/10\/distillateur_w4000-150x150.jpg 150w, https:\/\/biopro.sn\/wp-content\/uploads\/2020\/10\/distillateur_w4000-768x768.jpg 768w, https:\/\/biopro.sn\/wp-content\/uploads\/2020\/10\/distillateur_w4000-830x830.jpg 830w, https:\/\/biopro.sn\/wp-content\/uploads\/2020\/10\/distillateur_w4000-230x230.jpg 230w, https:\/\/biopro.sn\/wp-content\/uploads\/2020\/10\/distillateur_w4000-350x350.jpg 350w, https:\/\/biopro.sn\/wp-content\/uploads\/2020\/10\/distillateur_w4000-480x480.jpg 480w\" sizes=\"(max-width: 1000px) 100vw, 1000px\" \/><figcaption class=\"blocks-gallery-item__caption\">Distillateur_w4000<\/figcaption><\/figure><\/li><li class=\"blocks-gallery-item\"><figure><img decoding=\"async\" loading=\"lazy\" width=\"1140\" height=\"422\" src=\"http:\/\/biopro.sn\/wp-content\/uploads\/2020\/10\/gamme-des-automates-dhematologie-MEDONIC.jpg\" alt=\"\" data-id=\"444\" data-full-url=\"http:\/\/biopro.sn\/wp-content\/uploads\/2020\/10\/gamme-des-automates-dhematologie-MEDONIC.jpg\" data-link=\"http:\/\/biopro.sn\/index.php\/laboratoire\/gamme-des-automates-dhematologie-medonic\/\" class=\"wp-image-444\" srcset=\"https:\/\/biopro.sn\/wp-content\/uploads\/2020\/10\/gamme-des-automates-dhematologie-MEDONIC.jpg 1140w, https:\/\/biopro.sn\/wp-content\/uploads\/2020\/10\/gamme-des-automates-dhematologie-MEDONIC-300x111.jpg 300w, https:\/\/biopro.sn\/wp-content\/uploads\/2020\/10\/gamme-des-automates-dhematologie-MEDONIC-1024x379.jpg 1024w, https:\/\/biopro.sn\/wp-content\/uploads\/2020\/10\/gamme-des-automates-dhematologie-MEDONIC-768x284.jpg 768w, https:\/\/biopro.sn\/wp-content\/uploads\/2020\/10\/gamme-des-automates-dhematologie-MEDONIC-830x307.jpg 830w, https:\/\/biopro.sn\/wp-content\/uploads\/2020\/10\/gamme-des-automates-dhematologie-MEDONIC-230x85.jpg 230w, https:\/\/biopro.sn\/wp-content\/uploads\/2020\/10\/gamme-des-automates-dhematologie-MEDONIC-350x130.jpg 350w, https:\/\/biopro.sn\/wp-content\/uploads\/2020\/10\/gamme-des-automates-dhematologie-MEDONIC-480x178.jpg 480w\" sizes=\"(max-width: 1140px) 100vw, 1140px\" \/><figcaption class=\"blocks-gallery-item__caption\">Gamme des automates d&#8217;h\u00e9matologie MEDONIC<\/figcaption><\/figure><\/li><li class=\"blocks-gallery-item\"><figure><img decoding=\"async\" loading=\"lazy\" width=\"900\" height=\"668\" src=\"http:\/\/biopro.sn\/wp-content\/uploads\/2020\/10\/incubateur-de-culture-bacteriologique.jpg\" alt=\"\" data-id=\"445\" data-full-url=\"http:\/\/biopro.sn\/wp-content\/uploads\/2020\/10\/incubateur-de-culture-bacteriologique.jpg\" data-link=\"http:\/\/biopro.sn\/index.php\/laboratoire\/incubateur-de-culture-bacteriologique\/\" class=\"wp-image-445\" srcset=\"https:\/\/biopro.sn\/wp-content\/uploads\/2020\/10\/incubateur-de-culture-bacteriologique.jpg 900w, https:\/\/biopro.sn\/wp-content\/uploads\/2020\/10\/incubateur-de-culture-bacteriologique-300x223.jpg 300w, https:\/\/biopro.sn\/wp-content\/uploads\/2020\/10\/incubateur-de-culture-bacteriologique-768x570.jpg 768w, https:\/\/biopro.sn\/wp-content\/uploads\/2020\/10\/incubateur-de-culture-bacteriologique-830x616.jpg 830w, https:\/\/biopro.sn\/wp-content\/uploads\/2020\/10\/incubateur-de-culture-bacteriologique-230x171.jpg 230w, https:\/\/biopro.sn\/wp-content\/uploads\/2020\/10\/incubateur-de-culture-bacteriologique-350x260.jpg 350w, https:\/\/biopro.sn\/wp-content\/uploads\/2020\/10\/incubateur-de-culture-bacteriologique-480x356.jpg 480w\" sizes=\"(max-width: 900px) 100vw, 900px\" \/><figcaption class=\"blocks-gallery-item__caption\">Incubateur de culture bact\u00e9riologique<\/figcaption><\/figure><\/li><li class=\"blocks-gallery-item\"><figure><img decoding=\"async\" loading=\"lazy\" width=\"650\" height=\"760\" src=\"http:\/\/biopro.sn\/wp-content\/uploads\/2020\/10\/microscope-binoculaire-2.jpg\" alt=\"\" data-id=\"446\" data-full-url=\"http:\/\/biopro.sn\/wp-content\/uploads\/2020\/10\/microscope-binoculaire-2.jpg\" data-link=\"http:\/\/biopro.sn\/index.php\/laboratoire\/microscope-binoculaire-2\/\" class=\"wp-image-446\" srcset=\"https:\/\/biopro.sn\/wp-content\/uploads\/2020\/10\/microscope-binoculaire-2.jpg 650w, https:\/\/biopro.sn\/wp-content\/uploads\/2020\/10\/microscope-binoculaire-2-257x300.jpg 257w, https:\/\/biopro.sn\/wp-content\/uploads\/2020\/10\/microscope-binoculaire-2-230x269.jpg 230w, https:\/\/biopro.sn\/wp-content\/uploads\/2020\/10\/microscope-binoculaire-2-350x409.jpg 350w, https:\/\/biopro.sn\/wp-content\/uploads\/2020\/10\/microscope-binoculaire-2-480x561.jpg 480w\" sizes=\"(max-width: 650px) 100vw, 650px\" \/><figcaption class=\"blocks-gallery-item__caption\">Microscope binoculaire (2)<\/figcaption><\/figure><\/li><li class=\"blocks-gallery-item\"><figure><img decoding=\"async\" loading=\"lazy\" width=\"300\" height=\"300\" src=\"http:\/\/biopro.sn\/wp-content\/uploads\/2020\/10\/microscpe-avec-ecran-visualiseur.jpg\" alt=\"\" data-id=\"448\" data-full-url=\"http:\/\/biopro.sn\/wp-content\/uploads\/2020\/10\/microscpe-avec-ecran-visualiseur.jpg\" data-link=\"http:\/\/biopro.sn\/index.php\/laboratoire\/microscpe-avec-ecran-visualiseur\/\" class=\"wp-image-448\" srcset=\"https:\/\/biopro.sn\/wp-content\/uploads\/2020\/10\/microscpe-avec-ecran-visualiseur.jpg 300w, https:\/\/biopro.sn\/wp-content\/uploads\/2020\/10\/microscpe-avec-ecran-visualiseur-150x150.jpg 150w, https:\/\/biopro.sn\/wp-content\/uploads\/2020\/10\/microscpe-avec-ecran-visualiseur-230x230.jpg 230w\" sizes=\"(max-width: 300px) 100vw, 300px\" \/><figcaption class=\"blocks-gallery-item__caption\">Microscope avec \u00e9cran visualiseur<\/figcaption><\/figure><\/li><li class=\"blocks-gallery-item\"><figure><img decoding=\"async\" loading=\"lazy\" width=\"242\" height=\"300\" src=\"http:\/\/biopro.sn\/wp-content\/uploads\/2020\/10\/microscope-binoculaire.jpg\" alt=\"\" data-id=\"447\" data-full-url=\"http:\/\/biopro.sn\/wp-content\/uploads\/2020\/10\/microscope-binoculaire.jpg\" data-link=\"http:\/\/biopro.sn\/index.php\/laboratoire\/microscope-binoculaire\/\" class=\"wp-image-447\" srcset=\"https:\/\/biopro.sn\/wp-content\/uploads\/2020\/10\/microscope-binoculaire.jpg 242w, https:\/\/biopro.sn\/wp-content\/uploads\/2020\/10\/microscope-binoculaire-230x285.jpg 230w\" sizes=\"(max-width: 242px) 100vw, 242px\" \/><figcaption class=\"blocks-gallery-item__caption\">Microscope binoculaire<\/figcaption><\/figure><\/li><li class=\"blocks-gallery-item\"><figure><img decoding=\"async\" loading=\"lazy\" width=\"258\" height=\"196\" src=\"http:\/\/biopro.sn\/wp-content\/uploads\/2020\/10\/spectrophotometre.jpg\" alt=\"\" data-id=\"449\" data-full-url=\"http:\/\/biopro.sn\/wp-content\/uploads\/2020\/10\/spectrophotometre.jpg\" data-link=\"http:\/\/biopro.sn\/index.php\/laboratoire\/spectrophotometre\/\" class=\"wp-image-449\" srcset=\"https:\/\/biopro.sn\/wp-content\/uploads\/2020\/10\/spectrophotometre.jpg 258w, https:\/\/biopro.sn\/wp-content\/uploads\/2020\/10\/spectrophotometre-230x175.jpg 230w\" sizes=\"(max-width: 258px) 100vw, 258px\" \/><figcaption class=\"blocks-gallery-item__caption\">Spectrophotom\u00e8tre<\/figcaption><\/figure><\/li><li class=\"blocks-gallery-item\"><figure><img decoding=\"async\" loading=\"lazy\" width=\"425\" height=\"425\" src=\"http:\/\/biopro.sn\/wp-content\/uploads\/2020\/10\/video-microscope-avec-laptope.jpg\" alt=\"\" data-id=\"450\" data-full-url=\"http:\/\/biopro.sn\/wp-content\/uploads\/2020\/10\/video-microscope-avec-laptope.jpg\" data-link=\"http:\/\/biopro.sn\/index.php\/laboratoire\/video-microscope-avec-laptope-2\/\" class=\"wp-image-450\" srcset=\"https:\/\/biopro.sn\/wp-content\/uploads\/2020\/10\/video-microscope-avec-laptope.jpg 425w, https:\/\/biopro.sn\/wp-content\/uploads\/2020\/10\/video-microscope-avec-laptope-300x300.jpg 300w, https:\/\/biopro.sn\/wp-content\/uploads\/2020\/10\/video-microscope-avec-laptope-150x150.jpg 150w, https:\/\/biopro.sn\/wp-content\/uploads\/2020\/10\/video-microscope-avec-laptope-230x230.jpg 230w, https:\/\/biopro.sn\/wp-content\/uploads\/2020\/10\/video-microscope-avec-laptope-350x350.jpg 350w\" sizes=\"(max-width: 425px) 100vw, 425px\" \/><figcaption class=\"blocks-gallery-item__caption\">Vid\u00e9o microscope avec laptot<\/figcaption><\/figure><\/li><\/ul><\/figure>\n","protected":false},"excerpt":{"rendered":"","protected":false},"author":1,"featured_media":0,"parent":222,"menu_order":0,"comment_status":"closed","ping_status":"closed","template":"page-templates\/page_fullwidth.php","meta":{"_mi_skip_tracking":false},"_links":{"self":[{"href":"https:\/\/biopro.sn\/index.php\/wp-json\/wp\/v2\/pages\/227"}],"collection":[{"href":"https:\/\/biopro.sn\/index.php\/wp-json\/wp\/v2\/pages"}],"about":[{"href":"https:\/\/biopro.sn\/index.php\/wp-json\/wp\/v2\/types\/page"}],"author":[{"embeddable":true,"href":"https:\/\/biopro.sn\/index.php\/wp-json\/wp\/v2\/users\/1"}],"replies":[{"embeddable":true,"href":"https:\/\/biopro.sn\/index.php\/wp-json\/wp\/v2\/comments?post=227"}],"version-history":[{"count":5,"href":"https:\/\/biopro.sn\/index.php\/wp-json\/wp\/v2\/pages\/227\/revisions"}],"predecessor-version":[{"id":510,"href":"https:\/\/biopro.sn\/index.php\/wp-json\/wp\/v2\/pages\/227\/revisions\/510"}],"up":[{"embeddable":true,"href":"https:\/\/biopro.sn\/index.php\/wp-json\/wp\/v2\/pages\/222"}],"wp:attachment":[{"href":"https:\/\/biopro.sn\/index.php\/wp-json\/wp\/v2\/media?parent=227"}],"curies":[{"name":"wp","href":"https:\/\/api.w.org\/{rel}","templated":true}]}}